{"id":394,"date":"2022-11-26T14:40:56","date_gmt":"2022-11-26T14:40:56","guid":{"rendered":"http:\/\/localhost\/veduta16\/?page_id=394"},"modified":"2022-12-09T16:16:37","modified_gmt":"2022-12-09T16:16:37","slug":"abertura-16","status":"publish","type":"page","link":"https:\/\/veduta.aoficina.pt\/16\/abertura-16\/","title":{"rendered":"Abertura 16"},"content":{"rendered":"<p class=\"p1\">A <b>Casa da Mem\u00f3ria de Guimar\u00e3es<\/b> \u00e9 um lugar que nos permite deixar correr livremente a imagina\u00e7\u00e3o pelo grande plano que \u00e9 o territ\u00f3rio de Guimar\u00e3es. Parte do percurso expositivo da Casa remete-nos, precisamente, para lugares de fic\u00e7\u00e3o e interpreta\u00e7\u00f5es de novas possibilidades sobre a cidade e o seu concelho.<\/p>\n<p class=\"p1 indent\">Fartamo-nos de repetir que o nosso \u00e9 um tempo em que recebemos quase toda a nossa informa\u00e7\u00e3o por via digital. Podemos, ent\u00e3o, imaginar a Casa da Mem\u00f3ria como um receptor dos mais diversos elementos de toda a ordem que aqui chegam por formas outras que n\u00e3o as convencionais \u2014 um pouco \u00e0 semelhan\u00e7a das ondas que percorrem os cabos acelerados de fibra \u00f3ptica ou das ondas de r\u00e1dio que nos permitem a comunica\u00e7\u00e3o <i>wi-fi<\/i>, que necessitam de aparelhos receptores: simples n\u00f3dulos da rede quase infinita em que se tornou a Internet.<\/p>\n<p class=\"p1 indent\">Tal como os dispositivos tecnol\u00f3gicos, a Casa da Mem\u00f3ria recebe, guarda e disponibiliza informa\u00e7\u00e3o no seu espa\u00e7o f\u00edsico, sendo o maior exemplo disso o seu <a href=\"https:\/\/arquivo.casadamemoria.pt\/cdmg\/repositorio\/\" target=\"_blank\" rel=\"noopener\"><span class=\"s1\"><i>Reposit\u00f3rio<\/i><\/span><\/a>; mas, ao faz\u00ea-lo, ela torna-se tamb\u00e9m num p\u00f3lo emissor e parte de uma grande rede que inclui o esfor\u00e7o de institui\u00e7\u00f5es p\u00fablicas e privadas, de escolas, de associa\u00e7\u00f5es, de colectividades desportivas, de investigadores e acad\u00e9micos, de profissionais nas mais diversas \u00e1reas, etc.<\/p>\n<p class=\"p1 indent\">O que nos pode <span class=\"s2\"><i>ligar<\/i><\/span>, enquanto cidad\u00e3os e cidad\u00e3s, num mundo crispado e dividido, \u00e9 uma cadeia de corpos receptores e irradiadores \u2014 o t\u00e3o discutido di\u00e1logo de que todos e todas agora precisamos \u2014, aproximando-nos em grupos geradores de ondas est\u00e1veis e sem quedas de rede. Idealmente, devemos partilhar a maior parte do conte\u00fado e informa\u00e7\u00e3o poss\u00edvel entre todos e todas e de forma simplificada, para que a mesma possa ser facilmente percepcionada. S\u00f3 assim ela se pode disseminar como queremos por toda a comunidade vimaranense e chegar aos de fora que a desejem conhecer. Esta \u00e9 a complexa <i>web<\/i> (teia), onde o dar e receber \u00e9 fundamental para que o processo de conex\u00e3o se efective e se reforce cada vez mais, como acontece com o trabalho da equipa de Educa\u00e7\u00e3o e Media\u00e7\u00e3o, do qual sobressai, na programa\u00e7\u00e3o anual da Casa, o projecto educativo <i>Pergunta ao Tempo<\/i>.<\/p>\n<p class=\"p1 indent\">\u00c9 deste n\u00famero 536 da Avenida Conde Margaride que, sobre uma velha f\u00e1brica de pl\u00e1sticos, foi erigido um abrigo para a mem\u00f3ria e para novo conhecimento (patrimonial, hist\u00f3rico, cient\u00edfico, criativo, art\u00edstico, etc.), convertendo-o em lugar de cria\u00e7\u00e3o a partir do que se vai recebendo de todo o lado: um ponto inesgot\u00e1vel das hist\u00f3rias e da hist\u00f3ria de Guimar\u00e3es. E que s\u00e3o as hist\u00f3rias sen\u00e3o as pessoas comportando-se e agindo em rede?<\/p>\n<p class=\"p1 indent\">Assim, <i>A Oficina <\/i>apresenta, neste ano de 2022, o n\u00famero XVI da <i>Veduta<\/i>, revista que se destaca na oferta editorial pelo cuidado com que observa o mundo a partir de Guimar\u00e3es \u2014 ela pr\u00f3pria mais um n\u00f3dulo numa torrente de informa\u00e7\u00e3o inesgot\u00e1vel, mas certamente uma ponte de passagem que queremos obrigat\u00f3ria para quem se dedica a olhar o horizonte do patrim\u00f3nio nas suas m\u00faltiplas dimens\u00f5es.<\/p>\n<p class=\"p1 indent\">A <i>Veduta <\/i>conserva, h\u00e1 dezasseis anos, inicialmente em papel e agora em formato digital, a mem\u00f3ria desta Casa. Tenta estend\u00ea-la pelo mundo. \u00c9 atrav\u00e9s dela que faremos reverberar pelos cabos e ondas da grande rede toda a din\u00e2mica do que almejamos para um futuro pr\u00f3ximo.<\/p>\n","protected":false},"excerpt":{"rendered":"<p>A Casa da Mem\u00f3ria de Guimar\u00e3es \u00e9 um lugar que nos permite deixar correr livremente a imagina\u00e7\u00e3o pelo grande plano que \u00e9 o territ\u00f3rio de Guimar\u00e3es. Parte do percurso expositivo da Casa remete-nos, precisamente, para lugares de fic\u00e7\u00e3o e interpreta\u00e7\u00f5es de novas possibilidades sobre a cidade e o seu concelho. Fartamo-nos de repetir que o &hellip; <a href=\"https:\/\/veduta.aoficina.pt\/16\/abertura-16\/\">Continued<\/a><\/p>\n","protected":false},"author":2,"featured_media":0,"parent":0,"menu_order":0,"comment_status":"closed","ping_status":"closed","template":"templates\/tpl-editoriais16.php","meta":{"footnotes":""},"class_list":["post-394","page","type-page","status-publish","hentry"],"acf":[],"yoast_head":"<!-- This site is optimized with the Yoast SEO plugin v19.11 - https:\/\/yoast.com\/wordpress\/plugins\/seo\/ -->\n<title>Veduta 16<\/title>\n<meta name=\"robots\" content=\"index, follow, max-snippet:-1, max-image-preview:large, max-video-preview:-1\" \/>\n<link rel=\"canonical\" href=\"https:\/\/veduta.aoficina.pt\/16\/abertura-16\/\" \/>\n<meta property=\"og:locale\" content=\"pt_PT\" \/>\n<meta property=\"og:type\" content=\"article\" \/>\n<meta property=\"og:title\" content=\"Veduta 16\" \/>\n<meta property=\"og:description\" content=\"A Casa da Mem\u00f3ria de Guimar\u00e3es \u00e9 um lugar que nos permite deixar correr livremente a imagina\u00e7\u00e3o pelo grande plano que \u00e9 o territ\u00f3rio de Guimar\u00e3es. Parte do percurso expositivo da Casa remete-nos, precisamente, para lugares de fic\u00e7\u00e3o e interpreta\u00e7\u00f5es de novas possibilidades sobre a cidade e o seu concelho. Fartamo-nos de repetir que o &hellip; Continued\" \/>\n<meta property=\"og:url\" content=\"https:\/\/veduta.aoficina.pt\/16\/abertura-16\/\" \/>\n<meta property=\"og:site_name\" content=\"Veduta 16\" \/>\n<meta property=\"article:modified_time\" content=\"2022-12-09T16:16:37+00:00\" \/>\n<meta name=\"twitter:card\" content=\"summary_large_image\" \/>\n<meta name=\"twitter:label1\" content=\"Tempo estimado de leitura\" \/>\n\t<meta name=\"twitter:data1\" content=\"3 minutos\" \/>\n<script type=\"application\/ld+json\" class=\"yoast-schema-graph\">{\"@context\":\"https:\/\/schema.org\",\"@graph\":[{\"@type\":\"WebPage\",\"@id\":\"https:\/\/veduta.aoficina.pt\/16\/abertura-16\/\",\"url\":\"https:\/\/veduta.aoficina.pt\/16\/abertura-16\/\",\"name\":\"Veduta 16\",\"isPartOf\":{\"@id\":\"https:\/\/veduta.aoficina.pt\/16\/#website\"},\"datePublished\":\"2022-11-26T14:40:56+00:00\",\"dateModified\":\"2022-12-09T16:16:37+00:00\",\"breadcrumb\":{\"@id\":\"https:\/\/veduta.aoficina.pt\/16\/abertura-16\/#breadcrumb\"},\"inLanguage\":\"pt-PT\",\"potentialAction\":[{\"@type\":\"ReadAction\",\"target\":[\"https:\/\/veduta.aoficina.pt\/16\/abertura-16\/\"]}]},{\"@type\":\"BreadcrumbList\",\"@id\":\"https:\/\/veduta.aoficina.pt\/16\/abertura-16\/#breadcrumb\",\"itemListElement\":[{\"@type\":\"ListItem\",\"position\":1,\"name\":\"In\u00edcio\",\"item\":\"https:\/\/veduta.aoficina.pt\/16\/\"},{\"@type\":\"ListItem\",\"position\":2,\"name\":\"Abertura 16\"}]},{\"@type\":\"WebSite\",\"@id\":\"https:\/\/veduta.aoficina.pt\/16\/#website\",\"url\":\"https:\/\/veduta.aoficina.pt\/16\/\",\"name\":\"Veduta 16\",\"description\":\"\",\"publisher\":{\"@id\":\"https:\/\/veduta.aoficina.pt\/16\/#organization\"},\"potentialAction\":[{\"@type\":\"SearchAction\",\"target\":{\"@type\":\"EntryPoint\",\"urlTemplate\":\"https:\/\/veduta.aoficina.pt\/16\/?s={search_term_string}\"},\"query-input\":\"required name=search_term_string\"}],\"inLanguage\":\"pt-PT\"},{\"@type\":\"Organization\",\"@id\":\"https:\/\/veduta.aoficina.pt\/16\/#organization\",\"name\":\"Veduta 16\",\"url\":\"https:\/\/veduta.aoficina.pt\/16\/\",\"logo\":{\"@type\":\"ImageObject\",\"inLanguage\":\"pt-PT\",\"@id\":\"https:\/\/veduta.aoficina.pt\/16\/#\/schema\/logo\/image\/\",\"url\":\"https:\/\/veduta.aoficina.pt\/16\/wp-content\/uploads\/2022\/12\/Grupo-399.png\",\"contentUrl\":\"https:\/\/veduta.aoficina.pt\/16\/wp-content\/uploads\/2022\/12\/Grupo-399.png\",\"width\":3016,\"height\":1884,\"caption\":\"Veduta 16\"},\"image\":{\"@id\":\"https:\/\/veduta.aoficina.pt\/16\/#\/schema\/logo\/image\/\"}}]}<\/script>\n<!-- \/ Yoast SEO plugin. -->","yoast_head_json":{"title":"Veduta 16","robots":{"index":"index","follow":"follow","max-snippet":"max-snippet:-1","max-image-preview":"max-image-preview:large","max-video-preview":"max-video-preview:-1"},"canonical":"https:\/\/veduta.aoficina.pt\/16\/abertura-16\/","og_locale":"pt_PT","og_type":"article","og_title":"Veduta 16","og_description":"A Casa da Mem\u00f3ria de Guimar\u00e3es \u00e9 um lugar que nos permite deixar correr livremente a imagina\u00e7\u00e3o pelo grande plano que \u00e9 o territ\u00f3rio de Guimar\u00e3es. Parte do percurso expositivo da Casa remete-nos, precisamente, para lugares de fic\u00e7\u00e3o e interpreta\u00e7\u00f5es de novas possibilidades sobre a cidade e o seu concelho. Fartamo-nos de repetir que o &hellip; Continued","og_url":"https:\/\/veduta.aoficina.pt\/16\/abertura-16\/","og_site_name":"Veduta 16","article_modified_time":"2022-12-09T16:16:37+00:00","twitter_card":"summary_large_image","twitter_misc":{"Tempo estimado de leitura":"3 minutos"},"schema":{"@context":"https:\/\/schema.org","@graph":[{"@type":"WebPage","@id":"https:\/\/veduta.aoficina.pt\/16\/abertura-16\/","url":"https:\/\/veduta.aoficina.pt\/16\/abertura-16\/","name":"Veduta 16","isPartOf":{"@id":"https:\/\/veduta.aoficina.pt\/16\/#website"},"datePublished":"2022-11-26T14:40:56+00:00","dateModified":"2022-12-09T16:16:37+00:00","breadcrumb":{"@id":"https:\/\/veduta.aoficina.pt\/16\/abertura-16\/#breadcrumb"},"inLanguage":"pt-PT","potentialAction":[{"@type":"ReadAction","target":["https:\/\/veduta.aoficina.pt\/16\/abertura-16\/"]}]},{"@type":"BreadcrumbList","@id":"https:\/\/veduta.aoficina.pt\/16\/abertura-16\/#breadcrumb","itemListElement":[{"@type":"ListItem","position":1,"name":"In\u00edcio","item":"https:\/\/veduta.aoficina.pt\/16\/"},{"@type":"ListItem","position":2,"name":"Abertura 16"}]},{"@type":"WebSite","@id":"https:\/\/veduta.aoficina.pt\/16\/#website","url":"https:\/\/veduta.aoficina.pt\/16\/","name":"Veduta 16","description":"","publisher":{"@id":"https:\/\/veduta.aoficina.pt\/16\/#organization"},"potentialAction":[{"@type":"SearchAction","target":{"@type":"EntryPoint","urlTemplate":"https:\/\/veduta.aoficina.pt\/16\/?s={search_term_string}"},"query-input":"required name=search_term_string"}],"inLanguage":"pt-PT"},{"@type":"Organization","@id":"https:\/\/veduta.aoficina.pt\/16\/#organization","name":"Veduta 16","url":"https:\/\/veduta.aoficina.pt\/16\/","logo":{"@type":"ImageObject","inLanguage":"pt-PT","@id":"https:\/\/veduta.aoficina.pt\/16\/#\/schema\/logo\/image\/","url":"https:\/\/veduta.aoficina.pt\/16\/wp-content\/uploads\/2022\/12\/Grupo-399.png","contentUrl":"https:\/\/veduta.aoficina.pt\/16\/wp-content\/uploads\/2022\/12\/Grupo-399.png","width":3016,"height":1884,"caption":"Veduta 16"},"image":{"@id":"https:\/\/veduta.aoficina.pt\/16\/#\/schema\/logo\/image\/"}}]}},"_links":{"self":[{"href":"https:\/\/veduta.aoficina.pt\/16\/wp-json\/wp\/v2\/pages\/394","targetHints":{"allow":["GET"]}}],"collection":[{"href":"https:\/\/veduta.aoficina.pt\/16\/wp-json\/wp\/v2\/pages"}],"about":[{"href":"https:\/\/veduta.aoficina.pt\/16\/wp-json\/wp\/v2\/types\/page"}],"author":[{"embeddable":true,"href":"https:\/\/veduta.aoficina.pt\/16\/wp-json\/wp\/v2\/users\/2"}],"replies":[{"embeddable":true,"href":"https:\/\/veduta.aoficina.pt\/16\/wp-json\/wp\/v2\/comments?post=394"}],"version-history":[{"count":17,"href":"https:\/\/veduta.aoficina.pt\/16\/wp-json\/wp\/v2\/pages\/394\/revisions"}],"predecessor-version":[{"id":731,"href":"https:\/\/veduta.aoficina.pt\/16\/wp-json\/wp\/v2\/pages\/394\/revisions\/731"}],"wp:attachment":[{"href":"https:\/\/veduta.aoficina.pt\/16\/wp-json\/wp\/v2\/media?parent=394"}],"curies":[{"name":"wp","href":"https:\/\/api.w.org\/{rel}","templated":true}]}}