{"id":406,"date":"2022-11-26T16:31:49","date_gmt":"2022-11-26T16:31:49","guid":{"rendered":"http:\/\/localhost\/veduta16\/?page_id=406"},"modified":"2022-12-09T17:23:38","modified_gmt":"2022-12-09T17:23:38","slug":"ficha-tecnica-16","status":"publish","type":"page","link":"https:\/\/veduta.aoficina.pt\/16\/ficha-tecnica-16\/","title":{"rendered":"Ficha T\u00e9cnica"},"content":{"rendered":"<p>A Oficina <a href=\"https:\/\/www.aoficina.pt\/detail-paginas\/equipa\/\" rel=\"noopener\" target=\"_blank\">ver equipa<\/a><br \/>\n<em>Edi\u00e7\u00e3o<\/em><\/p>\n<p>Catarina Pereira<br \/>\n<em>Dire\u00e7\u00e3o <\/em><\/p>\n<p>Marta Silva<br \/>\n<em>Coordena\u00e7\u00e3o editorial<\/em><\/p>\n<p>Ant\u00f3nio Fontinha<br \/>\nDaniel Pereira Cristo<br \/>\nMaria Helena Pinto<br \/>\nMarina Pal\u00e1cio<br \/>\nMarta Silva<br \/>\nVera Alvelos<br \/>\n<em>Textos<br \/>(toda a mat\u00e9ria dos textos \u00e9 da<br \/>responsabilidade dos autores)<\/em><\/p>\n<p>Design by OOF<br \/>\n<em>Design editorial<\/em><\/p>\n<p>259437\/07<br \/>\n<em>Dep\u00f3sito legal <\/em><\/p>\n<p>1647-0923<br \/>\n<em>ISSN<\/em><\/p>\n<p>\n&nbsp;<br \/>\n<br \/>\nA Oficina<br \/>\n<em>Av. D. Afonso Henriques, 701<br \/>\n4810-431 Guimar\u00e3es<\/em><\/p>\n<p>+351 253 424 700<br \/>\n<em>geral@aoficina.pt<br \/>\n<a href=\"http:\/\/www.aoficina.pt\" rel=\"noopener\" target=\"_blank\">www.aoficina.pt<\/a><\/em><br \/>\n<br \/>\n&nbsp;<br \/>\n<\/p>\n<p>Casa da Mem\u00f3ria de Guimar\u00e3es<br \/>\n<em>Av. Conde Margaride, 536<br \/>\n4835-073 Guimar\u00e3es<\/em><\/p>\n<p>+351 253 424 716<br \/>\n<em>geral@casadamemoria.pt<br \/>\n<a href=\"http:\/\/www.casadamemoria.pt\" rel=\"noopener\" target=\"_blank\">www.casadamemoria.pt<\/a><\/em><\/p>\n","protected":false},"excerpt":{"rendered":"<p>A Oficina ver equipa Edi\u00e7\u00e3o Catarina Pereira Dire\u00e7\u00e3o Marta Silva Coordena\u00e7\u00e3o editorial Ant\u00f3nio Fontinha Daniel Pereira Cristo Maria Helena Pinto Marina Pal\u00e1cio Marta Silva Vera Alvelos Textos(toda a mat\u00e9ria dos textos \u00e9 daresponsabilidade dos autores) Design by OOF Design editorial 259437\/07 Dep\u00f3sito legal 1647-0923 ISSN &nbsp; A Oficina Av. D. Afonso Henriques, 701 4810-431 Guimar\u00e3es &hellip; <a href=\"https:\/\/veduta.aoficina.pt\/16\/ficha-tecnica-16\/\">Continued<\/a><\/p>\n","protected":false},"author":2,"featured_media":0,"parent":0,"menu_order":0,"comment_status":"closed","ping_status":"closed","template":"templates\/tpl-editoriais16.php","meta":{"footnotes":""},"class_list":["post-406","page","type-page","status-publish","hentry"],"acf":[],"yoast_head":"<!-- This site is optimized with the Yoast SEO plugin v19.11 - https:\/\/yoast.com\/wordpress\/plugins\/seo\/ -->\n<title>Veduta 16<\/title>\n<meta name=\"robots\" content=\"index, follow, max-snippet:-1, max-image-preview:large, max-video-preview:-1\" \/>\n<link rel=\"canonical\" href=\"https:\/\/veduta.aoficina.pt\/16\/ficha-tecnica-16\/\" \/>\n<meta property=\"og:locale\" content=\"pt_PT\" \/>\n<meta property=\"og:type\" content=\"article\" \/>\n<meta property=\"og:title\" content=\"Veduta 16\" \/>\n<meta property=\"og:description\" content=\"A Oficina ver equipa Edi\u00e7\u00e3o Catarina Pereira Dire\u00e7\u00e3o Marta Silva Coordena\u00e7\u00e3o editorial Ant\u00f3nio Fontinha Daniel Pereira Cristo Maria Helena Pinto Marina Pal\u00e1cio Marta Silva Vera Alvelos Textos(toda a mat\u00e9ria dos textos \u00e9 daresponsabilidade dos autores) Design by OOF Design editorial 259437\/07 Dep\u00f3sito legal 1647-0923 ISSN &nbsp; A Oficina Av. D. Afonso Henriques, 701 4810-431 Guimar\u00e3es &hellip; Continued\" \/>\n<meta property=\"og:url\" content=\"https:\/\/veduta.aoficina.pt\/16\/ficha-tecnica-16\/\" \/>\n<meta property=\"og:site_name\" content=\"Veduta 16\" \/>\n<meta property=\"article:modified_time\" content=\"2022-12-09T17:23:38+00:00\" \/>\n<meta name=\"twitter:card\" content=\"summary_large_image\" \/>\n<script type=\"application\/ld+json\" class=\"yoast-schema-graph\">{\"@context\":\"https:\/\/schema.org\",\"@graph\":[{\"@type\":\"WebPage\",\"@id\":\"https:\/\/veduta.aoficina.pt\/16\/ficha-tecnica-16\/\",\"url\":\"https:\/\/veduta.aoficina.pt\/16\/ficha-tecnica-16\/\",\"name\":\"Veduta 16\",\"isPartOf\":{\"@id\":\"https:\/\/veduta.aoficina.pt\/16\/#website\"},\"datePublished\":\"2022-11-26T16:31:49+00:00\",\"dateModified\":\"2022-12-09T17:23:38+00:00\",\"breadcrumb\":{\"@id\":\"https:\/\/veduta.aoficina.pt\/16\/ficha-tecnica-16\/#breadcrumb\"},\"inLanguage\":\"pt-PT\",\"potentialAction\":[{\"@type\":\"ReadAction\",\"target\":[\"https:\/\/veduta.aoficina.pt\/16\/ficha-tecnica-16\/\"]}]},{\"@type\":\"BreadcrumbList\",\"@id\":\"https:\/\/veduta.aoficina.pt\/16\/ficha-tecnica-16\/#breadcrumb\",\"itemListElement\":[{\"@type\":\"ListItem\",\"position\":1,\"name\":\"In\u00edcio\",\"item\":\"https:\/\/veduta.aoficina.pt\/16\/\"},{\"@type\":\"ListItem\",\"position\":2,\"name\":\"Ficha T\u00e9cnica\"}]},{\"@type\":\"WebSite\",\"@id\":\"https:\/\/veduta.aoficina.pt\/16\/#website\",\"url\":\"https:\/\/veduta.aoficina.pt\/16\/\",\"name\":\"Veduta 16\",\"description\":\"\",\"publisher\":{\"@id\":\"https:\/\/veduta.aoficina.pt\/16\/#organization\"},\"potentialAction\":[{\"@type\":\"SearchAction\",\"target\":{\"@type\":\"EntryPoint\",\"urlTemplate\":\"https:\/\/veduta.aoficina.pt\/16\/?s={search_term_string}\"},\"query-input\":\"required name=search_term_string\"}],\"inLanguage\":\"pt-PT\"},{\"@type\":\"Organization\",\"@id\":\"https:\/\/veduta.aoficina.pt\/16\/#organization\",\"name\":\"Veduta 16\",\"url\":\"https:\/\/veduta.aoficina.pt\/16\/\",\"logo\":{\"@type\":\"ImageObject\",\"inLanguage\":\"pt-PT\",\"@id\":\"https:\/\/veduta.aoficina.pt\/16\/#\/schema\/logo\/image\/\",\"url\":\"https:\/\/veduta.aoficina.pt\/16\/wp-content\/uploads\/2022\/12\/Grupo-399.png\",\"contentUrl\":\"https:\/\/veduta.aoficina.pt\/16\/wp-content\/uploads\/2022\/12\/Grupo-399.png\",\"width\":3016,\"height\":1884,\"caption\":\"Veduta 16\"},\"image\":{\"@id\":\"https:\/\/veduta.aoficina.pt\/16\/#\/schema\/logo\/image\/\"}}]}<\/script>\n<!-- \/ Yoast SEO plugin. -->","yoast_head_json":{"title":"Veduta 16","robots":{"index":"index","follow":"follow","max-snippet":"max-snippet:-1","max-image-preview":"max-image-preview:large","max-video-preview":"max-video-preview:-1"},"canonical":"https:\/\/veduta.aoficina.pt\/16\/ficha-tecnica-16\/","og_locale":"pt_PT","og_type":"article","og_title":"Veduta 16","og_description":"A Oficina ver equipa Edi\u00e7\u00e3o Catarina Pereira Dire\u00e7\u00e3o Marta Silva Coordena\u00e7\u00e3o editorial Ant\u00f3nio Fontinha Daniel Pereira Cristo Maria Helena Pinto Marina Pal\u00e1cio Marta Silva Vera Alvelos Textos(toda a mat\u00e9ria dos textos \u00e9 daresponsabilidade dos autores) Design by OOF Design editorial 259437\/07 Dep\u00f3sito legal 1647-0923 ISSN &nbsp; A Oficina Av. D. Afonso Henriques, 701 4810-431 Guimar\u00e3es &hellip; Continued","og_url":"https:\/\/veduta.aoficina.pt\/16\/ficha-tecnica-16\/","og_site_name":"Veduta 16","article_modified_time":"2022-12-09T17:23:38+00:00","twitter_card":"summary_large_image","schema":{"@context":"https:\/\/schema.org","@graph":[{"@type":"WebPage","@id":"https:\/\/veduta.aoficina.pt\/16\/ficha-tecnica-16\/","url":"https:\/\/veduta.aoficina.pt\/16\/ficha-tecnica-16\/","name":"Veduta 16","isPartOf":{"@id":"https:\/\/veduta.aoficina.pt\/16\/#website"},"datePublished":"2022-11-26T16:31:49+00:00","dateModified":"2022-12-09T17:23:38+00:00","breadcrumb":{"@id":"https:\/\/veduta.aoficina.pt\/16\/ficha-tecnica-16\/#breadcrumb"},"inLanguage":"pt-PT","potentialAction":[{"@type":"ReadAction","target":["https:\/\/veduta.aoficina.pt\/16\/ficha-tecnica-16\/"]}]},{"@type":"BreadcrumbList","@id":"https:\/\/veduta.aoficina.pt\/16\/ficha-tecnica-16\/#breadcrumb","itemListElement":[{"@type":"ListItem","position":1,"name":"In\u00edcio","item":"https:\/\/veduta.aoficina.pt\/16\/"},{"@type":"ListItem","position":2,"name":"Ficha T\u00e9cnica"}]},{"@type":"WebSite","@id":"https:\/\/veduta.aoficina.pt\/16\/#website","url":"https:\/\/veduta.aoficina.pt\/16\/","name":"Veduta 16","description":"","publisher":{"@id":"https:\/\/veduta.aoficina.pt\/16\/#organization"},"potentialAction":[{"@type":"SearchAction","target":{"@type":"EntryPoint","urlTemplate":"https:\/\/veduta.aoficina.pt\/16\/?s={search_term_string}"},"query-input":"required name=search_term_string"}],"inLanguage":"pt-PT"},{"@type":"Organization","@id":"https:\/\/veduta.aoficina.pt\/16\/#organization","name":"Veduta 16","url":"https:\/\/veduta.aoficina.pt\/16\/","logo":{"@type":"ImageObject","inLanguage":"pt-PT","@id":"https:\/\/veduta.aoficina.pt\/16\/#\/schema\/logo\/image\/","url":"https:\/\/veduta.aoficina.pt\/16\/wp-content\/uploads\/2022\/12\/Grupo-399.png","contentUrl":"https:\/\/veduta.aoficina.pt\/16\/wp-content\/uploads\/2022\/12\/Grupo-399.png","width":3016,"height":1884,"caption":"Veduta 16"},"image":{"@id":"https:\/\/veduta.aoficina.pt\/16\/#\/schema\/logo\/image\/"}}]}},"_links":{"self":[{"href":"https:\/\/veduta.aoficina.pt\/16\/wp-json\/wp\/v2\/pages\/406","targetHints":{"allow":["GET"]}}],"collection":[{"href":"https:\/\/veduta.aoficina.pt\/16\/wp-json\/wp\/v2\/pages"}],"about":[{"href":"https:\/\/veduta.aoficina.pt\/16\/wp-json\/wp\/v2\/types\/page"}],"author":[{"embeddable":true,"href":"https:\/\/veduta.aoficina.pt\/16\/wp-json\/wp\/v2\/users\/2"}],"replies":[{"embeddable":true,"href":"https:\/\/veduta.aoficina.pt\/16\/wp-json\/wp\/v2\/comments?post=406"}],"version-history":[{"count":11,"href":"https:\/\/veduta.aoficina.pt\/16\/wp-json\/wp\/v2\/pages\/406\/revisions"}],"predecessor-version":[{"id":740,"href":"https:\/\/veduta.aoficina.pt\/16\/wp-json\/wp\/v2\/pages\/406\/revisions\/740"}],"wp:attachment":[{"href":"https:\/\/veduta.aoficina.pt\/16\/wp-json\/wp\/v2\/media?parent=406"}],"curies":[{"name":"wp","href":"https:\/\/api.w.org\/{rel}","templated":true}]}}