{"id":409,"date":"2022-11-26T19:17:48","date_gmt":"2022-11-26T19:17:48","guid":{"rendered":"http:\/\/localhost\/veduta16\/?page_id=409"},"modified":"2022-12-14T19:51:23","modified_gmt":"2022-12-14T19:51:23","slug":"velha-infancia","status":"publish","type":"page","link":"https:\/\/veduta.aoficina.pt\/16\/velha-infancia\/","title":{"rendered":"Velha Inf\u00e2ncia"},"content":{"rendered":"<p>Num tempo de mudan\u00e7a das viv\u00eancias e rela\u00e7\u00f5es entre as pessoas e o espa\u00e7o comum, um tempo mediado pelas tecnologias, faz sentido recuar e recordar como foram as inf\u00e2ncias de outrora. Nesse sentido, lig\u00e1mo-nos \u00e0 comunidade atrav\u00e9s do grupo do Centro Social de Nossa Senhora do Carmo, num conjunto de actividades e entrevistas, bem como com o grupo de teatro jovem, trazendo tamb\u00e9m a dimens\u00e3o do agora. Por outro lado, algumas pessoas aproximaram-se do projecto a t\u00edtulo individual e contribu\u00edram para a sua narrativa.<\/p>\n<p class=\"indent\">Assente em testemunhos, este projecto trabalhou as mem\u00f3rias individuais e colectivas de quem viveu a sua inf\u00e2ncia em meados do s\u00e9c.XX, materializando-se numa exposi\u00e7\u00e3o feita de objectos e numa performance. Os objectos, aglomerados na exposi\u00e7\u00e3o por tem\u00e1ticas, ajudaram a revisitar aspectos dessas viv\u00eancias antigas, como se fossem portadores de uma hist\u00f3ria. Assim, a escola, as brincadeiras, a casa, e mesmo o trabalho, fizeram parte de um percurso por esses tempos. Tamb\u00e9m um conjunto de mesas com textos e objectos, em pequenas instala\u00e7\u00f5es, permitiu mergulhar em algumas hist\u00f3rias particulares, cada uma com as suas especificidades, pois do testemunho pessoal podemos chegar e conhecer melhor a realidade global de uma \u00e9poca, com os seus pormenores e vicissitudes. Foi um privil\u00e9gio poder ouvir estas senhoras a recordar a sua inf\u00e2ncia e testemunhar a sua generosidade na partilha do seu mundo.<\/p>\n<p class=\"indent\">Para al\u00e9m da exposi\u00e7\u00e3o, partimos igualmente para uma performance, juntando duas gera\u00e7\u00f5es, confrontando conceptualmente dois tempos diferentes. Navegou-se por entre as hist\u00f3rias de cinco senhoras, abordando traumas e alegrias, rotinas familiares, receitas antigas, a dureza da escola ou do trabalho infantil, as tarefas, as brincadeiras, as din\u00e2micas familiares. A performance foi apresentada ao restante grupo de trabalho e, tamb\u00e9m, numa sess\u00e3o de p\u00fablico geral, \u00e0 comunidade de Guimar\u00e3es, fazendo acordar muitas lembran\u00e7as e hist\u00f3rias, pois das hist\u00f3rias nascem hist\u00f3rias, neste caso, as mem\u00f3rias de uns acordam as mem\u00f3rias de outros.<\/p>\n<p class=\"indent\">Ainda em tempo de pandemia, o projecto foi desenvolvido com todas as cautelas, sendo que permitiu um conjunto de viv\u00eancias renovadoras de energia, de extrema import\u00e2ncia depois de uma \u00e9poca de confinamento e isolamento da popula\u00e7\u00e3o mais idosa. Pela import\u00e2ncia dada ao testemunho pessoal, estou convicta do valor acrescido aos participantes, na valoriza\u00e7\u00e3o dos seus conhecimentos, experi\u00eancia e mem\u00f3rias de vida, trazendo-os para a esfera p\u00fablica, para a visibilidade na comunidade.<\/p>\n<p class=\"indent\">Para quem viu a performance e visitou a exposi\u00e7\u00e3o, Velha Inf\u00e2ncia foi uma viagem a Guimar\u00e3es, ao tempo em que os nossos av\u00f3s e bisav\u00f3s eram jovens, uma viagem no tempo, por mem\u00f3rias vivas e delicadas.<\/p>\n","protected":false},"excerpt":{"rendered":"<p>Num tempo de mudan\u00e7a das viv\u00eancias e rela\u00e7\u00f5es entre as pessoas e o espa\u00e7o comum, um tempo mediado pelas tecnologias, faz sentido recuar e recordar como foram as inf\u00e2ncias de outrora. Nesse sentido, lig\u00e1mo-nos \u00e0 comunidade atrav\u00e9s do grupo do Centro Social de Nossa Senhora do Carmo, num conjunto de actividades e entrevistas, bem como &hellip; <a href=\"https:\/\/veduta.aoficina.pt\/16\/velha-infancia\/\">Continued<\/a><\/p>\n","protected":false},"author":2,"featured_media":0,"parent":0,"menu_order":0,"comment_status":"closed","ping_status":"closed","template":"templates\/tpl-veduta16.php","meta":{"footnotes":""},"class_list":["post-409","page","type-page","status-publish","hentry"],"acf":[],"yoast_head":"<!-- This site is optimized with the Yoast SEO plugin v19.11 - https:\/\/yoast.com\/wordpress\/plugins\/seo\/ -->\n<title>Veduta 16<\/title>\n<meta name=\"robots\" content=\"index, follow, max-snippet:-1, max-image-preview:large, max-video-preview:-1\" \/>\n<link rel=\"canonical\" href=\"https:\/\/veduta.aoficina.pt\/16\/velha-infancia\/\" \/>\n<meta property=\"og:locale\" content=\"pt_PT\" \/>\n<meta property=\"og:type\" content=\"article\" \/>\n<meta property=\"og:title\" content=\"Veduta 16\" \/>\n<meta property=\"og:description\" content=\"Num tempo de mudan\u00e7a das viv\u00eancias e rela\u00e7\u00f5es entre as pessoas e o espa\u00e7o comum, um tempo mediado pelas tecnologias, faz sentido recuar e recordar como foram as inf\u00e2ncias de outrora. Nesse sentido, lig\u00e1mo-nos \u00e0 comunidade atrav\u00e9s do grupo do Centro Social de Nossa Senhora do Carmo, num conjunto de actividades e entrevistas, bem como &hellip; Continued\" \/>\n<meta property=\"og:url\" content=\"https:\/\/veduta.aoficina.pt\/16\/velha-infancia\/\" \/>\n<meta property=\"og:site_name\" content=\"Veduta 16\" \/>\n<meta property=\"article:modified_time\" content=\"2022-12-14T19:51:23+00:00\" \/>\n<meta name=\"twitter:card\" content=\"summary_large_image\" \/>\n<meta name=\"twitter:label1\" content=\"Tempo estimado de leitura\" \/>\n\t<meta name=\"twitter:data1\" content=\"3 minutos\" \/>\n<script type=\"application\/ld+json\" class=\"yoast-schema-graph\">{\"@context\":\"https:\/\/schema.org\",\"@graph\":[{\"@type\":\"WebPage\",\"@id\":\"https:\/\/veduta.aoficina.pt\/16\/velha-infancia\/\",\"url\":\"https:\/\/veduta.aoficina.pt\/16\/velha-infancia\/\",\"name\":\"Veduta 16\",\"isPartOf\":{\"@id\":\"https:\/\/veduta.aoficina.pt\/16\/#website\"},\"datePublished\":\"2022-11-26T19:17:48+00:00\",\"dateModified\":\"2022-12-14T19:51:23+00:00\",\"breadcrumb\":{\"@id\":\"https:\/\/veduta.aoficina.pt\/16\/velha-infancia\/#breadcrumb\"},\"inLanguage\":\"pt-PT\",\"potentialAction\":[{\"@type\":\"ReadAction\",\"target\":[\"https:\/\/veduta.aoficina.pt\/16\/velha-infancia\/\"]}]},{\"@type\":\"BreadcrumbList\",\"@id\":\"https:\/\/veduta.aoficina.pt\/16\/velha-infancia\/#breadcrumb\",\"itemListElement\":[{\"@type\":\"ListItem\",\"position\":1,\"name\":\"In\u00edcio\",\"item\":\"https:\/\/veduta.aoficina.pt\/16\/\"},{\"@type\":\"ListItem\",\"position\":2,\"name\":\"Velha Inf\u00e2ncia\"}]},{\"@type\":\"WebSite\",\"@id\":\"https:\/\/veduta.aoficina.pt\/16\/#website\",\"url\":\"https:\/\/veduta.aoficina.pt\/16\/\",\"name\":\"Veduta 16\",\"description\":\"\",\"publisher\":{\"@id\":\"https:\/\/veduta.aoficina.pt\/16\/#organization\"},\"potentialAction\":[{\"@type\":\"SearchAction\",\"target\":{\"@type\":\"EntryPoint\",\"urlTemplate\":\"https:\/\/veduta.aoficina.pt\/16\/?s={search_term_string}\"},\"query-input\":\"required name=search_term_string\"}],\"inLanguage\":\"pt-PT\"},{\"@type\":\"Organization\",\"@id\":\"https:\/\/veduta.aoficina.pt\/16\/#organization\",\"name\":\"Veduta 16\",\"url\":\"https:\/\/veduta.aoficina.pt\/16\/\",\"logo\":{\"@type\":\"ImageObject\",\"inLanguage\":\"pt-PT\",\"@id\":\"https:\/\/veduta.aoficina.pt\/16\/#\/schema\/logo\/image\/\",\"url\":\"https:\/\/veduta.aoficina.pt\/16\/wp-content\/uploads\/2022\/12\/Grupo-399.png\",\"contentUrl\":\"https:\/\/veduta.aoficina.pt\/16\/wp-content\/uploads\/2022\/12\/Grupo-399.png\",\"width\":3016,\"height\":1884,\"caption\":\"Veduta 16\"},\"image\":{\"@id\":\"https:\/\/veduta.aoficina.pt\/16\/#\/schema\/logo\/image\/\"}}]}<\/script>\n<!-- \/ Yoast SEO plugin. -->","yoast_head_json":{"title":"Veduta 16","robots":{"index":"index","follow":"follow","max-snippet":"max-snippet:-1","max-image-preview":"max-image-preview:large","max-video-preview":"max-video-preview:-1"},"canonical":"https:\/\/veduta.aoficina.pt\/16\/velha-infancia\/","og_locale":"pt_PT","og_type":"article","og_title":"Veduta 16","og_description":"Num tempo de mudan\u00e7a das viv\u00eancias e rela\u00e7\u00f5es entre as pessoas e o espa\u00e7o comum, um tempo mediado pelas tecnologias, faz sentido recuar e recordar como foram as inf\u00e2ncias de outrora. Nesse sentido, lig\u00e1mo-nos \u00e0 comunidade atrav\u00e9s do grupo do Centro Social de Nossa Senhora do Carmo, num conjunto de actividades e entrevistas, bem como &hellip; Continued","og_url":"https:\/\/veduta.aoficina.pt\/16\/velha-infancia\/","og_site_name":"Veduta 16","article_modified_time":"2022-12-14T19:51:23+00:00","twitter_card":"summary_large_image","twitter_misc":{"Tempo estimado de leitura":"3 minutos"},"schema":{"@context":"https:\/\/schema.org","@graph":[{"@type":"WebPage","@id":"https:\/\/veduta.aoficina.pt\/16\/velha-infancia\/","url":"https:\/\/veduta.aoficina.pt\/16\/velha-infancia\/","name":"Veduta 16","isPartOf":{"@id":"https:\/\/veduta.aoficina.pt\/16\/#website"},"datePublished":"2022-11-26T19:17:48+00:00","dateModified":"2022-12-14T19:51:23+00:00","breadcrumb":{"@id":"https:\/\/veduta.aoficina.pt\/16\/velha-infancia\/#breadcrumb"},"inLanguage":"pt-PT","potentialAction":[{"@type":"ReadAction","target":["https:\/\/veduta.aoficina.pt\/16\/velha-infancia\/"]}]},{"@type":"BreadcrumbList","@id":"https:\/\/veduta.aoficina.pt\/16\/velha-infancia\/#breadcrumb","itemListElement":[{"@type":"ListItem","position":1,"name":"In\u00edcio","item":"https:\/\/veduta.aoficina.pt\/16\/"},{"@type":"ListItem","position":2,"name":"Velha Inf\u00e2ncia"}]},{"@type":"WebSite","@id":"https:\/\/veduta.aoficina.pt\/16\/#website","url":"https:\/\/veduta.aoficina.pt\/16\/","name":"Veduta 16","description":"","publisher":{"@id":"https:\/\/veduta.aoficina.pt\/16\/#organization"},"potentialAction":[{"@type":"SearchAction","target":{"@type":"EntryPoint","urlTemplate":"https:\/\/veduta.aoficina.pt\/16\/?s={search_term_string}"},"query-input":"required name=search_term_string"}],"inLanguage":"pt-PT"},{"@type":"Organization","@id":"https:\/\/veduta.aoficina.pt\/16\/#organization","name":"Veduta 16","url":"https:\/\/veduta.aoficina.pt\/16\/","logo":{"@type":"ImageObject","inLanguage":"pt-PT","@id":"https:\/\/veduta.aoficina.pt\/16\/#\/schema\/logo\/image\/","url":"https:\/\/veduta.aoficina.pt\/16\/wp-content\/uploads\/2022\/12\/Grupo-399.png","contentUrl":"https:\/\/veduta.aoficina.pt\/16\/wp-content\/uploads\/2022\/12\/Grupo-399.png","width":3016,"height":1884,"caption":"Veduta 16"},"image":{"@id":"https:\/\/veduta.aoficina.pt\/16\/#\/schema\/logo\/image\/"}}]}},"_links":{"self":[{"href":"https:\/\/veduta.aoficina.pt\/16\/wp-json\/wp\/v2\/pages\/409","targetHints":{"allow":["GET"]}}],"collection":[{"href":"https:\/\/veduta.aoficina.pt\/16\/wp-json\/wp\/v2\/pages"}],"about":[{"href":"https:\/\/veduta.aoficina.pt\/16\/wp-json\/wp\/v2\/types\/page"}],"author":[{"embeddable":true,"href":"https:\/\/veduta.aoficina.pt\/16\/wp-json\/wp\/v2\/users\/2"}],"replies":[{"embeddable":true,"href":"https:\/\/veduta.aoficina.pt\/16\/wp-json\/wp\/v2\/comments?post=409"}],"version-history":[{"count":11,"href":"https:\/\/veduta.aoficina.pt\/16\/wp-json\/wp\/v2\/pages\/409\/revisions"}],"predecessor-version":[{"id":807,"href":"https:\/\/veduta.aoficina.pt\/16\/wp-json\/wp\/v2\/pages\/409\/revisions\/807"}],"wp:attachment":[{"href":"https:\/\/veduta.aoficina.pt\/16\/wp-json\/wp\/v2\/media?parent=409"}],"curies":[{"name":"wp","href":"https:\/\/api.w.org\/{rel}","templated":true}]}}