{"id":433,"date":"2022-11-26T21:41:42","date_gmt":"2022-11-26T21:41:42","guid":{"rendered":"http:\/\/localhost\/veduta16\/?page_id=433"},"modified":"2022-12-14T19:25:08","modified_gmt":"2022-12-14T19:25:08","slug":"o-colecionador-de-sons","status":"publish","type":"page","link":"https:\/\/veduta.aoficina.pt\/16\/o-colecionador-de-sons\/","title":{"rendered":"O colecionador de sons"},"content":{"rendered":"<p>O Colecionador de Sons foi um projeto de recolha de sons e tradi\u00e7\u00e3o oral com a comunidade. Pelo territ\u00f3rio de Guimar\u00e3es, fez-se um caminho de encontro com pessoas, para a recolha de sons, cantigas, dizeres e paisagens sonoras, naturais, citadinas, artesanais ou industriais.<br \/>\n<div class=\"sounds-wrapper\">\r\n<div class=\"player one\">\r\n<audio src=\"https:\/\/veduta.aoficina.pt\/sons\/colecionador\/amelia.mp3\"><\/audio>\r\n<div class=\"controls\">\r\n    <span class=\"play\" aria-hidden=\"true\">(play)<\/span>\r\n\t<span class=\"pause\" aria-hidden=\"true\">(stop)<\/span>\r\n<\/div>\r\n<div class=\"time\">\r\n<span class=\"minutes\">3:24<\/span>\r\n<\/div>\r\n<div class=\"title\">\r\n<span class=\"title-audio\">Am\u00e9lia<\/span>\r\n<\/div>\r\n<\/div>\r\n<div class=\"player two\">\r\n<audio src=\"https:\/\/veduta.aoficina.pt\/sons\/colecionador\/chula.mp3\"><\/audio>\r\n<div class=\"controls\">\r\n    <span class=\"play\" aria-hidden=\"true\">(play)<\/span>\r\n\t<span class=\"pause\" aria-hidden=\"true\">(stop)<\/span>\r\n<\/div>\r\n<div class=\"time\">\r\n<span class=\"minutes\">3:29<\/span>\r\n<\/div>\r\n<div class=\"title\">\r\n<span class=\"title-audio\">Chula<\/span>\r\n<\/div>\r\n<\/div>\r\n\t<div class=\"player three\">\r\n<audio src=\"https:\/\/veduta.aoficina.pt\/sons\/colecionador\/ciranda.mp3\"><\/audio>\r\n<div class=\"controls\">\r\n    <span class=\"play\" aria-hidden=\"true\">(play)<\/span>\r\n\t<span class=\"pause\" aria-hidden=\"true\">(stop)<\/span>\r\n<\/div>\r\n<div class=\"time\">\r\n<span class=\"minutes\">3:32<\/span>\r\n<\/div>\r\n<div class=\"title\">\r\n<span class=\"title-audio\">Ciranda<\/span>\r\n<\/div>\r\n<\/div>\r\n\t<div class=\"player four\">\r\n<audio src=\"https:\/\/veduta.aoficina.pt\/sons\/colecionador\/dobadoura.mp3\"><\/audio>\r\n<div class=\"controls\">\r\n    <span class=\"play\" aria-hidden=\"true\">(play)<\/span>\r\n\t<span class=\"pause\" aria-hidden=\"true\">(stop)<\/span>\r\n<\/div>\r\n<div class=\"time\">\r\n<span class=\"minutes\">4:33<\/span>\r\n<\/div>\r\n<div class=\"title\">\r\n<span class=\"title-audio\">Dobadoura<\/span>\r\n<\/div>\r\n<\/div>\r\n\t<div class=\"player five\">\r\n<audio src=\"https:\/\/veduta.aoficina.pt\/sons\/colecionador\/malhao.mp3\"><\/audio>\r\n<div class=\"controls\">\r\n    <span class=\"play\" aria-hidden=\"true\">(play)<\/span>\r\n\t<span class=\"pause\" aria-hidden=\"true\">(stop)<\/span>\r\n<\/div>\r\n<div class=\"time\">\r\n<span class=\"minutes\">3:55<\/span>\r\n<\/div>\r\n<div class=\"title\">\r\n<span class=\"title-audio\">Malh\u00e3o<\/span>\r\n<\/div>\r\n<\/div>\r\n\t<div class=\"player six\">\r\n<audio src=\"https:\/\/veduta.aoficina.pt\/sons\/colecionador\/pedreiro.mp3\"><\/audio>\r\n<div class=\"controls\">\r\n    <span class=\"play\" aria-hidden=\"true\">(play)<\/span>\r\n\t<span class=\"pause\" aria-hidden=\"true\">(stop)<\/span>\r\n<\/div>\r\n<div class=\"time\">\r\n<span class=\"minutes\">4:29<\/span>\r\n<\/div>\r\n<div class=\"title\">\r\n<span class=\"title-audio\">Pedreiro<\/span>\r\n<\/div>\r\n<\/div>\r\n\t\t<div class=\"player seven\">\r\n<audio src=\"https:\/\/veduta.aoficina.pt\/sons\/colecionador\/ramo.mp3\"><\/audio>\r\n<div class=\"controls\">\r\n    <span class=\"play\" aria-hidden=\"true\">(play)<\/span>\r\n\t<span class=\"pause\" aria-hidden=\"true\">(stop)<\/span>\r\n<\/div>\r\n<div class=\"time\">\r\n<span class=\"minutes\">3:53<\/span>\r\n<\/div>\r\n<div class=\"title\">\r\n<span class=\"title-audio\">Ramo de Oliveira<\/span>\r\n<\/div>\r\n<\/div>\r\n\t\t<div class=\"player eight\">\r\n<audio src=\"https:\/\/veduta.aoficina.pt\/sons\/colecionador\/tecedeira.mp3\"><\/audio>\r\n<div class=\"controls\">\r\n    <span class=\"play\" aria-hidden=\"true\">(play)<\/span>\r\n\t<span class=\"pause\" aria-hidden=\"true\">(stop)<\/span>\r\n<\/div>\r\n<div class=\"time\">\r\n<span class=\"minutes\">2:40<\/span>\r\n<\/div>\r\n<div class=\"title\">\r\n<span class=\"title-audio\">Tecedeira<\/span>\r\n<\/div>\r\n<\/div>\r\n\t\t<div class=\"player nine\">\r\n<audio src=\"https:\/\/veduta.aoficina.pt\/sons\/colecionador\/verdinho.mp3\"><\/audio>\r\n<div class=\"controls\">\r\n    <span class=\"play\" aria-hidden=\"true\">(play)<\/span>\r\n\t<span class=\"pause\" aria-hidden=\"true\">(stop)<\/span>\r\n<\/div>\r\n<div class=\"time\">\r\n<span class=\"minutes\">2:47<\/span>\r\n<\/div>\r\n<div class=\"title\">\r\n<span class=\"title-audio\">Verdinho<\/span>\r\n<\/div>\r\n<\/div>\r\n<\/div><br \/>\nAo acervo sonoro recolhido, juntou-se uma est\u00f3ria, uma cria\u00e7\u00e3o art\u00edstica de m\u00fasica apresentada \u00e0 comunidade na Casa da Mem\u00f3ria. Na sequ\u00eancia deste projeto, surge Dar Corda \u00e0 Casa e, mais tarde, Dar Rufo \u00e0 Casa. No \u00e2mbito de Dar Corda \u00e0 Casa, foi criada uma pequena orquestra de cordofones tradicionais e trabalhadas m\u00fasicas quase esquecidas, recolhidas neste territ\u00f3rio no projeto O Colecionador de Sons, para apresentar ao p\u00fablico, tentando fazer renascer na cidade a paix\u00e3o pela constru\u00e7\u00e3o violeira. <\/p>\n<p class=\"indent\">Como mat\u00e9ria de trabalho das Tocatas Dar Corda \u00e0 Casa, foi criado um comp\u00eandio de Cancioneiro e No\u00e7\u00f5es B\u00e1sicas Musicais, Diagramas de Acordes para Cavaquinho e Braguesa e Tablaturas para M\u00fasicas Tradicionais. Este comp\u00eandio tem uma inten\u00e7\u00e3o tripla. Pretende partilhar, mostrar e ensinar as cantigas ouvidas em O Colecionador de Sons; expor uma perspetiva relativamente simples mas eficaz no \u00e2mbito de algumas no\u00e7\u00f5es de boas pr\u00e1ticas na manuten\u00e7\u00e3o e tocabilidade dos nossos cordofones tradicionais, assim como alguma teoria e no\u00e7\u00f5es musicais importantes; e finalmente, desafiar \u00e0 cria\u00e7\u00e3o de uma tocata a partir do zero, cujo intuito foi reunir em torno da m\u00fasica tradicional as mais diversas pessoas &#8211; desde gente que nunca pegou num instrumento musical e quer come\u00e7ar a aprender, a gente que toca, mas quer ter outras perspetivas e ideias, ou at\u00e9 m\u00fasicos profissionais ou amadores que dominam outro tipo de instrumentos, de outras \u00e1reas musicais e que pretendiam ter um contacto com a m\u00fasica de raiz. Desta forma, o projeto cumpriu a sua fun\u00e7\u00e3o mor: juntar as pessoas em torno da sua comunidade, em torno da sua cultura e em torno da sua mem\u00f3ria.<\/p>\n","protected":false},"excerpt":{"rendered":"<p>O Colecionador de Sons foi um projeto de recolha de sons e tradi\u00e7\u00e3o oral com a comunidade. Pelo territ\u00f3rio de Guimar\u00e3es, fez-se um caminho de encontro com pessoas, para a recolha de sons, cantigas, dizeres e paisagens sonoras, naturais, citadinas, artesanais ou industriais. Ao acervo sonoro recolhido, juntou-se uma est\u00f3ria, uma cria\u00e7\u00e3o art\u00edstica de m\u00fasica &hellip; <a href=\"https:\/\/veduta.aoficina.pt\/16\/o-colecionador-de-sons\/\">Continued<\/a><\/p>\n","protected":false},"author":2,"featured_media":0,"parent":0,"menu_order":0,"comment_status":"closed","ping_status":"closed","template":"templates\/tpl-veduta16.php","meta":{"footnotes":""},"class_list":["post-433","page","type-page","status-publish","hentry"],"acf":[],"yoast_head":"<!-- This site is optimized with the Yoast SEO plugin v19.11 - https:\/\/yoast.com\/wordpress\/plugins\/seo\/ -->\n<title>Veduta 16<\/title>\n<meta name=\"robots\" content=\"index, follow, max-snippet:-1, max-image-preview:large, max-video-preview:-1\" \/>\n<link rel=\"canonical\" href=\"https:\/\/veduta.aoficina.pt\/16\/o-colecionador-de-sons\/\" \/>\n<meta property=\"og:locale\" content=\"pt_PT\" \/>\n<meta property=\"og:type\" content=\"article\" \/>\n<meta property=\"og:title\" content=\"Veduta 16\" \/>\n<meta property=\"og:description\" content=\"O Colecionador de Sons foi um projeto de recolha de sons e tradi\u00e7\u00e3o oral com a comunidade. Pelo territ\u00f3rio de Guimar\u00e3es, fez-se um caminho de encontro com pessoas, para a recolha de sons, cantigas, dizeres e paisagens sonoras, naturais, citadinas, artesanais ou industriais. Ao acervo sonoro recolhido, juntou-se uma est\u00f3ria, uma cria\u00e7\u00e3o art\u00edstica de m\u00fasica &hellip; Continued\" \/>\n<meta property=\"og:url\" content=\"https:\/\/veduta.aoficina.pt\/16\/o-colecionador-de-sons\/\" \/>\n<meta property=\"og:site_name\" content=\"Veduta 16\" \/>\n<meta property=\"article:modified_time\" content=\"2022-12-14T19:25:08+00:00\" \/>\n<meta name=\"twitter:card\" content=\"summary_large_image\" \/>\n<meta name=\"twitter:label1\" content=\"Tempo estimado de leitura\" \/>\n\t<meta name=\"twitter:data1\" content=\"2 minutos\" \/>\n<script type=\"application\/ld+json\" class=\"yoast-schema-graph\">{\"@context\":\"https:\/\/schema.org\",\"@graph\":[{\"@type\":\"WebPage\",\"@id\":\"https:\/\/veduta.aoficina.pt\/16\/o-colecionador-de-sons\/\",\"url\":\"https:\/\/veduta.aoficina.pt\/16\/o-colecionador-de-sons\/\",\"name\":\"Veduta 16\",\"isPartOf\":{\"@id\":\"https:\/\/veduta.aoficina.pt\/16\/#website\"},\"datePublished\":\"2022-11-26T21:41:42+00:00\",\"dateModified\":\"2022-12-14T19:25:08+00:00\",\"breadcrumb\":{\"@id\":\"https:\/\/veduta.aoficina.pt\/16\/o-colecionador-de-sons\/#breadcrumb\"},\"inLanguage\":\"pt-PT\",\"potentialAction\":[{\"@type\":\"ReadAction\",\"target\":[\"https:\/\/veduta.aoficina.pt\/16\/o-colecionador-de-sons\/\"]}]},{\"@type\":\"BreadcrumbList\",\"@id\":\"https:\/\/veduta.aoficina.pt\/16\/o-colecionador-de-sons\/#breadcrumb\",\"itemListElement\":[{\"@type\":\"ListItem\",\"position\":1,\"name\":\"In\u00edcio\",\"item\":\"https:\/\/veduta.aoficina.pt\/16\/\"},{\"@type\":\"ListItem\",\"position\":2,\"name\":\"O colecionador de sons\"}]},{\"@type\":\"WebSite\",\"@id\":\"https:\/\/veduta.aoficina.pt\/16\/#website\",\"url\":\"https:\/\/veduta.aoficina.pt\/16\/\",\"name\":\"Veduta 16\",\"description\":\"\",\"publisher\":{\"@id\":\"https:\/\/veduta.aoficina.pt\/16\/#organization\"},\"potentialAction\":[{\"@type\":\"SearchAction\",\"target\":{\"@type\":\"EntryPoint\",\"urlTemplate\":\"https:\/\/veduta.aoficina.pt\/16\/?s={search_term_string}\"},\"query-input\":\"required name=search_term_string\"}],\"inLanguage\":\"pt-PT\"},{\"@type\":\"Organization\",\"@id\":\"https:\/\/veduta.aoficina.pt\/16\/#organization\",\"name\":\"Veduta 16\",\"url\":\"https:\/\/veduta.aoficina.pt\/16\/\",\"logo\":{\"@type\":\"ImageObject\",\"inLanguage\":\"pt-PT\",\"@id\":\"https:\/\/veduta.aoficina.pt\/16\/#\/schema\/logo\/image\/\",\"url\":\"https:\/\/veduta.aoficina.pt\/16\/wp-content\/uploads\/2022\/12\/Grupo-399.png\",\"contentUrl\":\"https:\/\/veduta.aoficina.pt\/16\/wp-content\/uploads\/2022\/12\/Grupo-399.png\",\"width\":3016,\"height\":1884,\"caption\":\"Veduta 16\"},\"image\":{\"@id\":\"https:\/\/veduta.aoficina.pt\/16\/#\/schema\/logo\/image\/\"}}]}<\/script>\n<!-- \/ Yoast SEO plugin. -->","yoast_head_json":{"title":"Veduta 16","robots":{"index":"index","follow":"follow","max-snippet":"max-snippet:-1","max-image-preview":"max-image-preview:large","max-video-preview":"max-video-preview:-1"},"canonical":"https:\/\/veduta.aoficina.pt\/16\/o-colecionador-de-sons\/","og_locale":"pt_PT","og_type":"article","og_title":"Veduta 16","og_description":"O Colecionador de Sons foi um projeto de recolha de sons e tradi\u00e7\u00e3o oral com a comunidade. Pelo territ\u00f3rio de Guimar\u00e3es, fez-se um caminho de encontro com pessoas, para a recolha de sons, cantigas, dizeres e paisagens sonoras, naturais, citadinas, artesanais ou industriais. Ao acervo sonoro recolhido, juntou-se uma est\u00f3ria, uma cria\u00e7\u00e3o art\u00edstica de m\u00fasica &hellip; Continued","og_url":"https:\/\/veduta.aoficina.pt\/16\/o-colecionador-de-sons\/","og_site_name":"Veduta 16","article_modified_time":"2022-12-14T19:25:08+00:00","twitter_card":"summary_large_image","twitter_misc":{"Tempo estimado de leitura":"2 minutos"},"schema":{"@context":"https:\/\/schema.org","@graph":[{"@type":"WebPage","@id":"https:\/\/veduta.aoficina.pt\/16\/o-colecionador-de-sons\/","url":"https:\/\/veduta.aoficina.pt\/16\/o-colecionador-de-sons\/","name":"Veduta 16","isPartOf":{"@id":"https:\/\/veduta.aoficina.pt\/16\/#website"},"datePublished":"2022-11-26T21:41:42+00:00","dateModified":"2022-12-14T19:25:08+00:00","breadcrumb":{"@id":"https:\/\/veduta.aoficina.pt\/16\/o-colecionador-de-sons\/#breadcrumb"},"inLanguage":"pt-PT","potentialAction":[{"@type":"ReadAction","target":["https:\/\/veduta.aoficina.pt\/16\/o-colecionador-de-sons\/"]}]},{"@type":"BreadcrumbList","@id":"https:\/\/veduta.aoficina.pt\/16\/o-colecionador-de-sons\/#breadcrumb","itemListElement":[{"@type":"ListItem","position":1,"name":"In\u00edcio","item":"https:\/\/veduta.aoficina.pt\/16\/"},{"@type":"ListItem","position":2,"name":"O colecionador de sons"}]},{"@type":"WebSite","@id":"https:\/\/veduta.aoficina.pt\/16\/#website","url":"https:\/\/veduta.aoficina.pt\/16\/","name":"Veduta 16","description":"","publisher":{"@id":"https:\/\/veduta.aoficina.pt\/16\/#organization"},"potentialAction":[{"@type":"SearchAction","target":{"@type":"EntryPoint","urlTemplate":"https:\/\/veduta.aoficina.pt\/16\/?s={search_term_string}"},"query-input":"required name=search_term_string"}],"inLanguage":"pt-PT"},{"@type":"Organization","@id":"https:\/\/veduta.aoficina.pt\/16\/#organization","name":"Veduta 16","url":"https:\/\/veduta.aoficina.pt\/16\/","logo":{"@type":"ImageObject","inLanguage":"pt-PT","@id":"https:\/\/veduta.aoficina.pt\/16\/#\/schema\/logo\/image\/","url":"https:\/\/veduta.aoficina.pt\/16\/wp-content\/uploads\/2022\/12\/Grupo-399.png","contentUrl":"https:\/\/veduta.aoficina.pt\/16\/wp-content\/uploads\/2022\/12\/Grupo-399.png","width":3016,"height":1884,"caption":"Veduta 16"},"image":{"@id":"https:\/\/veduta.aoficina.pt\/16\/#\/schema\/logo\/image\/"}}]}},"_links":{"self":[{"href":"https:\/\/veduta.aoficina.pt\/16\/wp-json\/wp\/v2\/pages\/433","targetHints":{"allow":["GET"]}}],"collection":[{"href":"https:\/\/veduta.aoficina.pt\/16\/wp-json\/wp\/v2\/pages"}],"about":[{"href":"https:\/\/veduta.aoficina.pt\/16\/wp-json\/wp\/v2\/types\/page"}],"author":[{"embeddable":true,"href":"https:\/\/veduta.aoficina.pt\/16\/wp-json\/wp\/v2\/users\/2"}],"replies":[{"embeddable":true,"href":"https:\/\/veduta.aoficina.pt\/16\/wp-json\/wp\/v2\/comments?post=433"}],"version-history":[{"count":24,"href":"https:\/\/veduta.aoficina.pt\/16\/wp-json\/wp\/v2\/pages\/433\/revisions"}],"predecessor-version":[{"id":806,"href":"https:\/\/veduta.aoficina.pt\/16\/wp-json\/wp\/v2\/pages\/433\/revisions\/806"}],"wp:attachment":[{"href":"https:\/\/veduta.aoficina.pt\/16\/wp-json\/wp\/v2\/media?parent=433"}],"curies":[{"name":"wp","href":"https:\/\/api.w.org\/{rel}","templated":true}]}}