{"id":479,"date":"2022-11-27T13:12:17","date_gmt":"2022-11-27T13:12:17","guid":{"rendered":"http:\/\/localhost\/veduta16\/?page_id=479"},"modified":"2022-12-13T14:38:12","modified_gmt":"2022-12-13T14:38:12","slug":"catalogo-poetico","status":"publish","type":"page","link":"https:\/\/veduta.aoficina.pt\/16\/catalogo-poetico\/","title":{"rendered":"Cat\u00e1logo po\u00e9tico"},"content":{"rendered":"<p><em>Cat\u00e1logo Po\u00e9tico de produtos \u00fanicos (e outras preciosidades) do Com\u00e9rcio Tradicional de Guimar\u00e3es<\/em><\/p>\n<p>A cria\u00e7\u00e3o do \u201cPercurso Po\u00e9tico\u201d a que chamei \u201cCat\u00e1logo Po\u00e9tico de produtos \u00fanicos (e outras preciosidades) do Com\u00e9rcio Tradicional de Guimar\u00e3es\u201d, foi o meu terceiro dedicado a este patrim\u00f3nio cultural, humano t\u00e3o rico e inspirador, que n\u00e3o s\u00f3 merece tanto o nosso interesse, mas tamb\u00e9m investimento e conserva\u00e7\u00e3o para que as gera\u00e7\u00f5es futuras possam usufruir.<\/p>\n","protected":false},"excerpt":{"rendered":"<p>Cat\u00e1logo Po\u00e9tico de produtos \u00fanicos (e outras preciosidades) do Com\u00e9rcio Tradicional de Guimar\u00e3es A cria\u00e7\u00e3o do \u201cPercurso Po\u00e9tico\u201d a que chamei \u201cCat\u00e1logo Po\u00e9tico de produtos \u00fanicos (e outras preciosidades) do Com\u00e9rcio Tradicional de Guimar\u00e3es\u201d, foi o meu terceiro dedicado a este patrim\u00f3nio cultural, humano t\u00e3o rico e inspirador, que n\u00e3o s\u00f3 merece tanto o nosso &hellip; <a href=\"https:\/\/veduta.aoficina.pt\/16\/catalogo-poetico\/\">Continued<\/a><\/p>\n","protected":false},"author":2,"featured_media":0,"parent":0,"menu_order":0,"comment_status":"closed","ping_status":"closed","template":"templates\/tpl-catalogopoetico.php","meta":{"footnotes":""},"class_list":["post-479","page","type-page","status-publish","hentry"],"acf":[],"yoast_head":"<!-- This site is optimized with the Yoast SEO plugin v19.11 - https:\/\/yoast.com\/wordpress\/plugins\/seo\/ -->\n<title>Veduta 16<\/title>\n<meta name=\"robots\" content=\"index, follow, max-snippet:-1, max-image-preview:large, max-video-preview:-1\" \/>\n<link rel=\"canonical\" href=\"https:\/\/veduta.aoficina.pt\/16\/catalogo-poetico\/\" \/>\n<meta property=\"og:locale\" content=\"pt_PT\" \/>\n<meta property=\"og:type\" content=\"article\" \/>\n<meta property=\"og:title\" content=\"Veduta 16\" \/>\n<meta property=\"og:description\" content=\"Cat\u00e1logo Po\u00e9tico de produtos \u00fanicos (e outras preciosidades) do Com\u00e9rcio Tradicional de Guimar\u00e3es A cria\u00e7\u00e3o do \u201cPercurso Po\u00e9tico\u201d a que chamei \u201cCat\u00e1logo Po\u00e9tico de produtos \u00fanicos (e outras preciosidades) do Com\u00e9rcio Tradicional de Guimar\u00e3es\u201d, foi o meu terceiro dedicado a este patrim\u00f3nio cultural, humano t\u00e3o rico e inspirador, que n\u00e3o s\u00f3 merece tanto o nosso &hellip; Continued\" \/>\n<meta property=\"og:url\" content=\"https:\/\/veduta.aoficina.pt\/16\/catalogo-poetico\/\" \/>\n<meta property=\"og:site_name\" content=\"Veduta 16\" \/>\n<meta property=\"article:modified_time\" content=\"2022-12-13T14:38:12+00:00\" \/>\n<meta name=\"twitter:card\" content=\"summary_large_image\" \/>\n<meta name=\"twitter:label1\" content=\"Tempo estimado de leitura\" \/>\n\t<meta name=\"twitter:data1\" content=\"1 minuto\" \/>\n<script type=\"application\/ld+json\" class=\"yoast-schema-graph\">{\"@context\":\"https:\/\/schema.org\",\"@graph\":[{\"@type\":\"WebPage\",\"@id\":\"https:\/\/veduta.aoficina.pt\/16\/catalogo-poetico\/\",\"url\":\"https:\/\/veduta.aoficina.pt\/16\/catalogo-poetico\/\",\"name\":\"Veduta 16\",\"isPartOf\":{\"@id\":\"https:\/\/veduta.aoficina.pt\/16\/#website\"},\"datePublished\":\"2022-11-27T13:12:17+00:00\",\"dateModified\":\"2022-12-13T14:38:12+00:00\",\"breadcrumb\":{\"@id\":\"https:\/\/veduta.aoficina.pt\/16\/catalogo-poetico\/#breadcrumb\"},\"inLanguage\":\"pt-PT\",\"potentialAction\":[{\"@type\":\"ReadAction\",\"target\":[\"https:\/\/veduta.aoficina.pt\/16\/catalogo-poetico\/\"]}]},{\"@type\":\"BreadcrumbList\",\"@id\":\"https:\/\/veduta.aoficina.pt\/16\/catalogo-poetico\/#breadcrumb\",\"itemListElement\":[{\"@type\":\"ListItem\",\"position\":1,\"name\":\"In\u00edcio\",\"item\":\"https:\/\/veduta.aoficina.pt\/16\/\"},{\"@type\":\"ListItem\",\"position\":2,\"name\":\"Cat\u00e1logo po\u00e9tico\"}]},{\"@type\":\"WebSite\",\"@id\":\"https:\/\/veduta.aoficina.pt\/16\/#website\",\"url\":\"https:\/\/veduta.aoficina.pt\/16\/\",\"name\":\"Veduta 16\",\"description\":\"\",\"publisher\":{\"@id\":\"https:\/\/veduta.aoficina.pt\/16\/#organization\"},\"potentialAction\":[{\"@type\":\"SearchAction\",\"target\":{\"@type\":\"EntryPoint\",\"urlTemplate\":\"https:\/\/veduta.aoficina.pt\/16\/?s={search_term_string}\"},\"query-input\":\"required name=search_term_string\"}],\"inLanguage\":\"pt-PT\"},{\"@type\":\"Organization\",\"@id\":\"https:\/\/veduta.aoficina.pt\/16\/#organization\",\"name\":\"Veduta 16\",\"url\":\"https:\/\/veduta.aoficina.pt\/16\/\",\"logo\":{\"@type\":\"ImageObject\",\"inLanguage\":\"pt-PT\",\"@id\":\"https:\/\/veduta.aoficina.pt\/16\/#\/schema\/logo\/image\/\",\"url\":\"https:\/\/veduta.aoficina.pt\/16\/wp-content\/uploads\/2022\/12\/Grupo-399.png\",\"contentUrl\":\"https:\/\/veduta.aoficina.pt\/16\/wp-content\/uploads\/2022\/12\/Grupo-399.png\",\"width\":3016,\"height\":1884,\"caption\":\"Veduta 16\"},\"image\":{\"@id\":\"https:\/\/veduta.aoficina.pt\/16\/#\/schema\/logo\/image\/\"}}]}<\/script>\n<!-- \/ Yoast SEO plugin. -->","yoast_head_json":{"title":"Veduta 16","robots":{"index":"index","follow":"follow","max-snippet":"max-snippet:-1","max-image-preview":"max-image-preview:large","max-video-preview":"max-video-preview:-1"},"canonical":"https:\/\/veduta.aoficina.pt\/16\/catalogo-poetico\/","og_locale":"pt_PT","og_type":"article","og_title":"Veduta 16","og_description":"Cat\u00e1logo Po\u00e9tico de produtos \u00fanicos (e outras preciosidades) do Com\u00e9rcio Tradicional de Guimar\u00e3es A cria\u00e7\u00e3o do \u201cPercurso Po\u00e9tico\u201d a que chamei \u201cCat\u00e1logo Po\u00e9tico de produtos \u00fanicos (e outras preciosidades) do Com\u00e9rcio Tradicional de Guimar\u00e3es\u201d, foi o meu terceiro dedicado a este patrim\u00f3nio cultural, humano t\u00e3o rico e inspirador, que n\u00e3o s\u00f3 merece tanto o nosso &hellip; Continued","og_url":"https:\/\/veduta.aoficina.pt\/16\/catalogo-poetico\/","og_site_name":"Veduta 16","article_modified_time":"2022-12-13T14:38:12+00:00","twitter_card":"summary_large_image","twitter_misc":{"Tempo estimado de leitura":"1 minuto"},"schema":{"@context":"https:\/\/schema.org","@graph":[{"@type":"WebPage","@id":"https:\/\/veduta.aoficina.pt\/16\/catalogo-poetico\/","url":"https:\/\/veduta.aoficina.pt\/16\/catalogo-poetico\/","name":"Veduta 16","isPartOf":{"@id":"https:\/\/veduta.aoficina.pt\/16\/#website"},"datePublished":"2022-11-27T13:12:17+00:00","dateModified":"2022-12-13T14:38:12+00:00","breadcrumb":{"@id":"https:\/\/veduta.aoficina.pt\/16\/catalogo-poetico\/#breadcrumb"},"inLanguage":"pt-PT","potentialAction":[{"@type":"ReadAction","target":["https:\/\/veduta.aoficina.pt\/16\/catalogo-poetico\/"]}]},{"@type":"BreadcrumbList","@id":"https:\/\/veduta.aoficina.pt\/16\/catalogo-poetico\/#breadcrumb","itemListElement":[{"@type":"ListItem","position":1,"name":"In\u00edcio","item":"https:\/\/veduta.aoficina.pt\/16\/"},{"@type":"ListItem","position":2,"name":"Cat\u00e1logo po\u00e9tico"}]},{"@type":"WebSite","@id":"https:\/\/veduta.aoficina.pt\/16\/#website","url":"https:\/\/veduta.aoficina.pt\/16\/","name":"Veduta 16","description":"","publisher":{"@id":"https:\/\/veduta.aoficina.pt\/16\/#organization"},"potentialAction":[{"@type":"SearchAction","target":{"@type":"EntryPoint","urlTemplate":"https:\/\/veduta.aoficina.pt\/16\/?s={search_term_string}"},"query-input":"required name=search_term_string"}],"inLanguage":"pt-PT"},{"@type":"Organization","@id":"https:\/\/veduta.aoficina.pt\/16\/#organization","name":"Veduta 16","url":"https:\/\/veduta.aoficina.pt\/16\/","logo":{"@type":"ImageObject","inLanguage":"pt-PT","@id":"https:\/\/veduta.aoficina.pt\/16\/#\/schema\/logo\/image\/","url":"https:\/\/veduta.aoficina.pt\/16\/wp-content\/uploads\/2022\/12\/Grupo-399.png","contentUrl":"https:\/\/veduta.aoficina.pt\/16\/wp-content\/uploads\/2022\/12\/Grupo-399.png","width":3016,"height":1884,"caption":"Veduta 16"},"image":{"@id":"https:\/\/veduta.aoficina.pt\/16\/#\/schema\/logo\/image\/"}}]}},"_links":{"self":[{"href":"https:\/\/veduta.aoficina.pt\/16\/wp-json\/wp\/v2\/pages\/479","targetHints":{"allow":["GET"]}}],"collection":[{"href":"https:\/\/veduta.aoficina.pt\/16\/wp-json\/wp\/v2\/pages"}],"about":[{"href":"https:\/\/veduta.aoficina.pt\/16\/wp-json\/wp\/v2\/types\/page"}],"author":[{"embeddable":true,"href":"https:\/\/veduta.aoficina.pt\/16\/wp-json\/wp\/v2\/users\/2"}],"replies":[{"embeddable":true,"href":"https:\/\/veduta.aoficina.pt\/16\/wp-json\/wp\/v2\/comments?post=479"}],"version-history":[{"count":11,"href":"https:\/\/veduta.aoficina.pt\/16\/wp-json\/wp\/v2\/pages\/479\/revisions"}],"predecessor-version":[{"id":803,"href":"https:\/\/veduta.aoficina.pt\/16\/wp-json\/wp\/v2\/pages\/479\/revisions\/803"}],"wp:attachment":[{"href":"https:\/\/veduta.aoficina.pt\/16\/wp-json\/wp\/v2\/media?parent=479"}],"curies":[{"name":"wp","href":"https:\/\/api.w.org\/{rel}","templated":true}]}}