{"id":799,"date":"2025-12-07T18:29:37","date_gmt":"2025-12-07T18:29:37","guid":{"rendered":"http:\/\/localhost:8888\/veduta19\/?page_id=799"},"modified":"2025-12-07T18:47:29","modified_gmt":"2025-12-07T18:47:29","slug":"desafios-e-estrategias-de-preservacao-da-memoria-da-escultura-nos-arquivos","status":"publish","type":"page","link":"https:\/\/veduta.aoficina.pt\/19\/desafios-e-estrategias-de-preservacao-da-memoria-da-escultura-nos-arquivos\/","title":{"rendered":"Desafios e estrat\u00e9gias de preserva\u00e7\u00e3o da mem\u00f3ria da escultura nos Arquivos"},"content":{"rendered":"","protected":false},"excerpt":{"rendered":"","protected":false},"author":2,"featured_media":0,"parent":0,"menu_order":0,"comment_status":"closed","ping_status":"closed","template":"templates\/tpl-desafios.php","meta":{"footnotes":""},"class_list":["post-799","page","type-page","status-publish","hentry"],"acf":[],"yoast_head":"<!-- This site is optimized with the Yoast SEO plugin v26.5 - https:\/\/yoast.com\/wordpress\/plugins\/seo\/ -->\n<title>Desafios e estrat\u00e9gias de preserva\u00e7\u00e3o da mem\u00f3ria da escultura nos Arquivos - Veduta 19<\/title>\n<meta name=\"robots\" content=\"index, follow, max-snippet:-1, max-image-preview:large, max-video-preview:-1\" \/>\n<link rel=\"canonical\" href=\"https:\/\/veduta.aoficina.pt\/19\/desafios-e-estrategias-de-preservacao-da-memoria-da-escultura-nos-arquivos\/\" \/>\n<meta property=\"og:locale\" content=\"pt_PT\" \/>\n<meta property=\"og:type\" content=\"article\" \/>\n<meta property=\"og:title\" content=\"Desafios e estrat\u00e9gias de preserva\u00e7\u00e3o da mem\u00f3ria da escultura nos Arquivos - Veduta 19\" \/>\n<meta property=\"og:url\" content=\"https:\/\/veduta.aoficina.pt\/19\/desafios-e-estrategias-de-preservacao-da-memoria-da-escultura-nos-arquivos\/\" \/>\n<meta property=\"og:site_name\" content=\"Veduta 19\" \/>\n<meta property=\"article:modified_time\" content=\"2025-12-07T18:47:29+00:00\" \/>\n<meta name=\"twitter:card\" content=\"summary_large_image\" \/>\n<script type=\"application\/ld+json\" class=\"yoast-schema-graph\">{\"@context\":\"https:\/\/schema.org\",\"@graph\":[{\"@type\":\"WebPage\",\"@id\":\"https:\/\/veduta.aoficina.pt\/19\/desafios-e-estrategias-de-preservacao-da-memoria-da-escultura-nos-arquivos\/\",\"url\":\"https:\/\/veduta.aoficina.pt\/19\/desafios-e-estrategias-de-preservacao-da-memoria-da-escultura-nos-arquivos\/\",\"name\":\"Desafios e estrat\u00e9gias de preserva\u00e7\u00e3o da mem\u00f3ria da escultura nos Arquivos - Veduta 19\",\"isPartOf\":{\"@id\":\"https:\/\/veduta.aoficina.pt\/19\/#website\"},\"datePublished\":\"2025-12-07T18:29:37+00:00\",\"dateModified\":\"2025-12-07T18:47:29+00:00\",\"breadcrumb\":{\"@id\":\"https:\/\/veduta.aoficina.pt\/19\/desafios-e-estrategias-de-preservacao-da-memoria-da-escultura-nos-arquivos\/#breadcrumb\"},\"inLanguage\":\"pt-PT\",\"potentialAction\":[{\"@type\":\"ReadAction\",\"target\":[\"https:\/\/veduta.aoficina.pt\/19\/desafios-e-estrategias-de-preservacao-da-memoria-da-escultura-nos-arquivos\/\"]}]},{\"@type\":\"BreadcrumbList\",\"@id\":\"https:\/\/veduta.aoficina.pt\/19\/desafios-e-estrategias-de-preservacao-da-memoria-da-escultura-nos-arquivos\/#breadcrumb\",\"itemListElement\":[{\"@type\":\"ListItem\",\"position\":1,\"name\":\"In\u00edcio\",\"item\":\"https:\/\/veduta.aoficina.pt\/19\/\"},{\"@type\":\"ListItem\",\"position\":2,\"name\":\"Desafios e estrat\u00e9gias de preserva\u00e7\u00e3o da mem\u00f3ria da escultura nos Arquivos\"}]},{\"@type\":\"WebSite\",\"@id\":\"https:\/\/veduta.aoficina.pt\/19\/#website\",\"url\":\"https:\/\/veduta.aoficina.pt\/19\/\",\"name\":\"Veduta 19\",\"description\":\"Dezembro 2025\",\"potentialAction\":[{\"@type\":\"SearchAction\",\"target\":{\"@type\":\"EntryPoint\",\"urlTemplate\":\"https:\/\/veduta.aoficina.pt\/19\/?s={search_term_string}\"},\"query-input\":{\"@type\":\"PropertyValueSpecification\",\"valueRequired\":true,\"valueName\":\"search_term_string\"}}],\"inLanguage\":\"pt-PT\"}]}<\/script>\n<!-- \/ Yoast SEO plugin. -->","yoast_head_json":{"title":"Desafios e estrat\u00e9gias de preserva\u00e7\u00e3o da mem\u00f3ria da escultura nos Arquivos - Veduta 19","robots":{"index":"index","follow":"follow","max-snippet":"max-snippet:-1","max-image-preview":"max-image-preview:large","max-video-preview":"max-video-preview:-1"},"canonical":"https:\/\/veduta.aoficina.pt\/19\/desafios-e-estrategias-de-preservacao-da-memoria-da-escultura-nos-arquivos\/","og_locale":"pt_PT","og_type":"article","og_title":"Desafios e estrat\u00e9gias de preserva\u00e7\u00e3o da mem\u00f3ria da escultura nos Arquivos - Veduta 19","og_url":"https:\/\/veduta.aoficina.pt\/19\/desafios-e-estrategias-de-preservacao-da-memoria-da-escultura-nos-arquivos\/","og_site_name":"Veduta 19","article_modified_time":"2025-12-07T18:47:29+00:00","twitter_card":"summary_large_image","schema":{"@context":"https:\/\/schema.org","@graph":[{"@type":"WebPage","@id":"https:\/\/veduta.aoficina.pt\/19\/desafios-e-estrategias-de-preservacao-da-memoria-da-escultura-nos-arquivos\/","url":"https:\/\/veduta.aoficina.pt\/19\/desafios-e-estrategias-de-preservacao-da-memoria-da-escultura-nos-arquivos\/","name":"Desafios e estrat\u00e9gias de preserva\u00e7\u00e3o da mem\u00f3ria da escultura nos Arquivos - Veduta 19","isPartOf":{"@id":"https:\/\/veduta.aoficina.pt\/19\/#website"},"datePublished":"2025-12-07T18:29:37+00:00","dateModified":"2025-12-07T18:47:29+00:00","breadcrumb":{"@id":"https:\/\/veduta.aoficina.pt\/19\/desafios-e-estrategias-de-preservacao-da-memoria-da-escultura-nos-arquivos\/#breadcrumb"},"inLanguage":"pt-PT","potentialAction":[{"@type":"ReadAction","target":["https:\/\/veduta.aoficina.pt\/19\/desafios-e-estrategias-de-preservacao-da-memoria-da-escultura-nos-arquivos\/"]}]},{"@type":"BreadcrumbList","@id":"https:\/\/veduta.aoficina.pt\/19\/desafios-e-estrategias-de-preservacao-da-memoria-da-escultura-nos-arquivos\/#breadcrumb","itemListElement":[{"@type":"ListItem","position":1,"name":"In\u00edcio","item":"https:\/\/veduta.aoficina.pt\/19\/"},{"@type":"ListItem","position":2,"name":"Desafios e estrat\u00e9gias de preserva\u00e7\u00e3o da mem\u00f3ria da escultura nos Arquivos"}]},{"@type":"WebSite","@id":"https:\/\/veduta.aoficina.pt\/19\/#website","url":"https:\/\/veduta.aoficina.pt\/19\/","name":"Veduta 19","description":"Dezembro 2025","potentialAction":[{"@type":"SearchAction","target":{"@type":"EntryPoint","urlTemplate":"https:\/\/veduta.aoficina.pt\/19\/?s={search_term_string}"},"query-input":{"@type":"PropertyValueSpecification","valueRequired":true,"valueName":"search_term_string"}}],"inLanguage":"pt-PT"}]}},"_links":{"self":[{"href":"https:\/\/veduta.aoficina.pt\/19\/wp-json\/wp\/v2\/pages\/799","targetHints":{"allow":["GET"]}}],"collection":[{"href":"https:\/\/veduta.aoficina.pt\/19\/wp-json\/wp\/v2\/pages"}],"about":[{"href":"https:\/\/veduta.aoficina.pt\/19\/wp-json\/wp\/v2\/types\/page"}],"author":[{"embeddable":true,"href":"https:\/\/veduta.aoficina.pt\/19\/wp-json\/wp\/v2\/users\/2"}],"replies":[{"embeddable":true,"href":"https:\/\/veduta.aoficina.pt\/19\/wp-json\/wp\/v2\/comments?post=799"}],"version-history":[{"count":2,"href":"https:\/\/veduta.aoficina.pt\/19\/wp-json\/wp\/v2\/pages\/799\/revisions"}],"predecessor-version":[{"id":802,"href":"https:\/\/veduta.aoficina.pt\/19\/wp-json\/wp\/v2\/pages\/799\/revisions\/802"}],"wp:attachment":[{"href":"https:\/\/veduta.aoficina.pt\/19\/wp-json\/wp\/v2\/media?parent=799"}],"curies":[{"name":"wp","href":"https:\/\/api.w.org\/{rel}","templated":true}]}}